{"id":87,"date":"2022-03-10T15:49:17","date_gmt":"2022-03-10T14:49:17","guid":{"rendered":"http:\/\/staging.jodykorbach.de\/wordpress\/?page_id=87"},"modified":"2024-07-01T17:08:24","modified_gmt":"2024-07-01T15:08:24","slug":"impressum","status":"publish","type":"page","link":"https:\/\/jodykorbach.de\/werk\/impressum\/","title":{"rendered":"IMPRESSUM"},"content":{"rendered":"\t\t<div data-elementor-type=\"wp-page\" data-elementor-id=\"87\" class=\"elementor elementor-87\" data-elementor-post-type=\"page\">\n\t\t\t\t\t\t<section class=\"elementor-section elementor-top-section elementor-element elementor-element-81f455d elementor-section-boxed elementor-section-height-default elementor-section-height-default\" data-id=\"81f455d\" data-element_type=\"section\" data-e-type=\"section\">\n\t\t\t\t\t\t<div class=\"elementor-container elementor-column-gap-default\">\n\t\t\t\t\t<div class=\"elementor-column elementor-col-100 elementor-top-column elementor-element elementor-element-2ce8a6a\" data-id=\"2ce8a6a\" data-element_type=\"column\" data-e-type=\"column\">\n\t\t\t<div class=\"elementor-widget-wrap elementor-element-populated\">\n\t\t\t\t\t\t<div class=\"elementor-element elementor-element-6f5c818 elementor-widget elementor-widget-text-editor\" data-id=\"6f5c818\" data-element_type=\"widget\" data-e-type=\"widget\" data-widget_type=\"text-editor.default\">\n\t\t\t\t<div class=\"elementor-widget-container\">\n\t\t\t\t\t\t\t\t\t<p><b>Datenschutzerkl\u00e4rung<\/b><\/p>\n<p><b>1. Datenschutz auf einen Blick<\/b><\/p>\n<p><b>Allgemeine Hinweise<br><\/b>Die folgenden Hinweise geben einen einfachen \u00dcberblick dar\u00fcber, was<br>mit Ihren personenbezogenen Daten passiert, wenn Sie unsere Website<br>besuchen. Personenbezogene Daten sind alle Daten, mit denen Sie<br>pers\u00f6nlich identifiziert werden k\u00f6nnen. Ausf\u00fchrliche Informationen zum<br>Thema Datenschutz entnehmen Sie unserer unter diesem Text aufgef\u00fchrten&nbsp;Datenschutzerkl\u00e4rung.<\/p>\n<p><b>Datenerfassung auf unserer Website<\/b><\/p>\n<p><b>Wer ist verantwortlich f\u00fcr die Datenerfassung auf dieser Website?<\/b><\/p>\n<p>Die Datenverarbeitung auf dieser Website erfolgt durch den<br>Websitebetreiber. Dessen Kontaktdaten k\u00f6nnen Sie dem Impressum dieser<br>Website entnehmen.<br>Wie erfassen wir Ihre Daten?<\/p>\n<p>Ihre Daten werden zum einen dadurch erhoben, dass Sie uns diese<br>mitteilen. Hierbei kann es sich z.B. um Daten handeln, die Sie in ein<br>Kontaktformular eingeben.<br>Andere Daten werden automatisch beim Besuch der Website durch unsere<br>IT-Systeme erfasst. Das sind vor allem technische Daten (z.B.<br>Internetbrowser, Betriebssystem oder Uhrzeit des Seitenaufrufs). Die<br>Erfassung dieser Daten erfolgt automatisch, sobald Sie unsere Website<br>betreten.<\/p>\n<p><b>Wof\u00fcr nutzen wir Ihre Daten?<br><\/b>Ein Teil der Daten wird erhoben, um eine fehlerfreie Bereitstellung<br>der Website zu gew\u00e4hrleisten. Andere Daten k\u00f6nnen zur Analyse Ihres<br>Nutzerverhaltens verwendet werden.<br>Welche Rechte haben Sie bez\u00fcglich Ihrer Daten?<\/p>\n<p>Sie haben jederzeit das Recht unentgeltlich Auskunft \u00fcber Herkunft,<br>Empf\u00e4nger und Zweck Ihrer gespeicherten personenbezogenen Daten zu<br>erhalten. Sie haben au\u00dferdem ein Recht, die Berichtigung, Sperrung oder<br>L\u00f6schung dieser Daten zu verlangen. Hierzu sowie zu weiteren Fragen zum<br>Thema Datenschutz k\u00f6nnen Sie sich jederzeit unter der im Impressum<br>angegebenen Adresse an uns wenden. Des Weiteren steht Ihnen ein<br>Beschwerderecht bei der zust\u00e4ndigen Aufsichtsbeh\u00f6rde zu.<br>Analyse-Tools und Tools von Drittanbietern<\/p>\n<p>Beim Besuch unserer Website kann Ihr Surf-Verhalten statistisch<br>ausgewertet werden. Das geschieht vor allem mit Cookies und mit<br>sogenannten Analyseprogrammen. Die Analyse Ihres Surf-Verhaltens erfolgt<br>in der Regel anonym; das Surf-Verhalten kann nicht zu Ihnen<br>zur\u00fcckverfolgt werden. Sie k\u00f6nnen dieser Analyse widersprechen oder sie<br>durch die Nichtbenutzung bestimmter Tools verhindern. Detaillierte<br>Informationen dazu finden Sie in der folgenden Datenschutzerkl\u00e4rung.<\/p>\n<p>Sie k\u00f6nnen dieser Analyse widersprechen. \u00dcber die<br>Widerspruchsm\u00f6glichkeiten werden wir Sie in dieser Datenschutzerkl\u00e4rung<br>informieren.<\/p>\n<p><b>2. Allgemeine Hinweise und Pflichtinformationen<br>Datenschutz<\/b><\/p>\n<p>Die Betreiber dieser Seiten nehmen den Schutz Ihrer pers\u00f6nlichen<br>Daten sehr ernst. Wir behandeln Ihre personenbezogenen Daten vertraulich<br>und entsprechend der gesetzlichen Datenschutzvorschriften sowie dieser<br>Datenschutzerkl\u00e4rung.<br>Wenn Sie diese Website benutzen, werden verschiedene personenbezogene<br>Daten erhoben. Personenbezogene Daten sind Daten, mit denen Sie<br>pers\u00f6nlich identifiziert werden k\u00f6nnen. Die vorliegende<br>Datenschutzerkl\u00e4rung erl\u00e4utert, welche Daten wir erheben und wof\u00fcr wir<br>sie nutzen. Sie erl\u00e4utert auch, wie und zu welchem Zweck das geschieht.<\/p>\n<p>Wir weisen darauf hin, dass die Daten\u00fcbertragung im Internet (z.B.<br>bei der Kommunikation per E-Mail) Sicherheitsl\u00fccken aufweisen kann. Ein<br>l\u00fcckenloser Schutz der Daten vor dem Zugriff durch Dritte ist nicht<br>m\u00f6glich.<\/p>\n<p><b>Hinweis zur verantwortlichen Stelle<\/b><\/p>\n<p><b>Die verantwortliche Stelle f\u00fcr die Datenverarbeitung auf dieser Website ist:<\/b><\/p>\n<p><b>Jody Korbach<br>Birkenstra\u00dfe 44<br>40223 D\u00fcsseldorf<\/b><\/p>\n<p><b>Telefon +49 1758047928<br>E-Mail: info[at]jodykorbach.de<\/b><\/p>\n<p>Verantwortliche Stelle ist die nat\u00fcrliche oder juristische Person,<br>die allein oder gemeinsam mit anderen \u00fcber die Zwecke und Mittel der<br>Verarbeitung von personenbezogenen Daten (z.B. Namen, E-Mail-Adressen o.<br>\u00c4.) entscheidet.<br>Widerruf Ihrer Einwilligung zur Datenverarbeitung<\/p>\n<p>Viele Datenverarbeitungsvorg\u00e4nge sind nur mit Ihrer ausdr\u00fccklichen<br>Einwilligung m\u00f6glich. Sie k\u00f6nnen eine bereits erteilte Einwilligung<br>jederzeit widerrufen. Dazu reicht eine formlose Mitteilung per E-Mail an<br>uns. Die Rechtm\u00e4\u00dfigkeit der bis zum Widerruf erfolgten<br>Datenverarbeitung bleibt vom Widerruf unber\u00fchrt.<\/p>\n<p>Beschwerderecht bei der zust\u00e4ndigen Aufsichtsbeh\u00f6rde<br>Im Falle datenschutzrechtlicher Verst\u00f6\u00dfe steht dem Betroffenen ein<br>Beschwerderecht bei der zust\u00e4ndigen Aufsichtsbeh\u00f6rde zu. Zust\u00e4ndige<br>Aufsichtsbeh\u00f6rde in datenschutzrechtlichen Fragen ist der<br>Landesdatenschutzbeauftragte des Bundeslandes, in dem unser Unternehmen<br>seinen Sitz hat. Eine Liste der Datenschutzbeauftragten sowie deren<br>Kontaktdaten k\u00f6nnen folgendem Link entnommen werden: https:\/\/www.bfdi.bund.de\/DE\/Infothek\/Anschriften_Links\/anschriften_links-node.html.<\/p>\n<p><b>Recht auf Daten\u00fcbertragbarkeit<\/b><\/p>\n<p>Sie haben das Recht, Daten, die wir auf Grundlage Ihrer Einwilligung<br>oder in Erf\u00fcllung eines Vertrags automatisiert verarbeiten, an sich oder<br>an einen Dritten in einem g\u00e4ngigen, maschinenlesbaren Format<br>aush\u00e4ndigen zu lassen. Sofern Sie die direkte \u00dcbertragung der Daten an<br>einen anderen Verantwortlichen verlangen, erfolgt dies nur, soweit es<br>technisch machbar ist.<\/p>\n<p><b>Auskunft, Sperrung, L\u00f6schung<\/b><\/p>\n<p>Sie haben im Rahmen der geltenden gesetzlichen Bestimmungen jederzeit<br>das Recht auf unentgeltliche Auskunft \u00fcber Ihre gespeicherten<br>personenbezogenen Daten, deren Herkunft und Empf\u00e4nger und den Zweck der<br>Datenverarbeitung und ggf. ein Recht auf Berichtigung, Sperrung oder<br>L\u00f6schung dieser Daten. Hierzu sowie zu weiteren Fragen zum Thema<br>personenbezogene Daten k\u00f6nnen Sie sich jederzeit unter der im Impressum<br>angegebenen Adresse an uns wenden.<\/p>\n<p><b>3. Datenerfassung auf unserer Website<\/b><\/p>\n<p><b>Cookies<\/b><\/p>\n<p><b><br><\/b>Die Internetseiten verwenden teilweise so genannte Cookies. Cookies<br>richten auf Ihrem Rechner keinen Schaden an und enthalten keine Viren.<br>Cookies dienen dazu, unser Angebot nutzerfreundlicher, effektiver und<br>sicherer zu machen. Cookies sind kleine Textdateien, die auf Ihrem<br>Rechner abgelegt werden und die Ihr Browser speichert.<br>Die meisten der von uns verwendeten Cookies sind so genannte<br>\u201cSession-Cookies\u201d. Sie werden nach Ende Ihres Besuchs automatisch<br>gel\u00f6scht. Andere Cookies bleiben auf Ihrem Endger\u00e4t gespeichert bis Sie<br>diese l\u00f6schen. Diese Cookies erm\u00f6glichen es uns, Ihren Browser beim<br>n\u00e4chsten Besuch wiederzuerkennen.<\/p>\n<p>Sie k\u00f6nnen Ihren Browser so einstellen, dass Sie \u00fcber das Setzen von<br>Cookies informiert werden und Cookies nur im Einzelfall erlauben, die<br>Annahme von Cookies f\u00fcr bestimmte F\u00e4lle oder generell ausschlie\u00dfen sowie<br>das automatische L\u00f6schen der Cookies beim Schlie\u00dfen des Browser<br>aktivieren. Bei der Deaktivierung von Cookies kann die Funktionalit\u00e4t<br>dieser Website eingeschr\u00e4nkt sein.<\/p>\n<p>Cookies, die zur Durchf\u00fchrung des elektronischen<br>Kommunikationsvorgangs oder zur Bereitstellung bestimmter, von Ihnen<br>erw\u00fcnschter Funktionen (z.B. Warenkorbfunktion) erforderlich sind,<br>werden auf Grundlage von Art. 6 Abs. 1 lit. f DSGVO gespeichert. Der<br>Websitebetreiber hat ein berechtigtes Interesse an der Speicherung von<br>Cookies zur technisch fehlerfreien und optimierten Bereitstellung seiner<br>Dienste. Soweit andere Cookies (z.B. Cookies zur Analyse Ihres<br>Surfverhaltens) gespeichert werden, werden diese in dieser<br>Datenschutzerkl\u00e4rung gesondert behandelt.<\/p>\n<p><b>Server-Log-Dateien<\/b><\/p>\n<p>Der Provider der Seiten erhebt und speichert automatisch<br>Informationen in so genannten Server-Log-Dateien, die Ihr Browser<br>automatisch an uns \u00fcbermittelt. Dies sind:<br>Browsertyp und Browserversionverwendetes BetriebssystemReferrer URLHostname des zugreifenden RechnersUhrzeit der ServeranfrageIP-Adresse<br>Eine Zusammenf\u00fchrung dieser Daten mit anderen Datenquellen wird nicht vorgenommen.<br>Grundlage f\u00fcr die Datenverarbeitung ist Art. 6 Abs. 1 lit. f DSGVO,<br>der die Verarbeitung von Daten zur Erf\u00fcllung eines Vertrags oder<br>vorvertraglicher Ma\u00dfnahmen gestattet.<br>4. Analyse Tools und Werbung<\/p>\n<p><b>Google Analytics<br><\/b>Diese Website nutzt Funktionen des Webanalysedienstes Google<br>Analytics. Anbieter ist die Google Inc., 1600 Amphitheatre Parkway,<br>Mountain View, CA 94043, USA.<\/p>\n<p>Google Analytics verwendet so genannte \u201cCookies\u201d. Das sind<br>Textdateien, die auf Ihrem Computer gespeichert werden und die eine<br>Analyse der Benutzung der Website durch Sie erm\u00f6glichen. Die durch den<br>Cookie erzeugten Informationen \u00fcber Ihre Benutzung dieser Website werden<br>in der Regel an einen Server von Google in den USA \u00fcbertragen und dort<br>gespeichert.<br>Die Speicherung von Google-Analytics-Cookies erfolgt auf Grundlage<br>von Art. 6 Abs. 1 lit. f DSGVO. Der Websitebetreiber hat ein<br>berechtigtes Interesse an der Analyse des Nutzerverhaltens, um sowohl<br>sein Webangebot als auch seine Werbung zu optimieren.<br>IP Anonymisierung<br>Wir haben auf dieser Website die Funktion IP-Anonymisierung<br>aktiviert. Dadurch wird Ihre IP-Adresse von Google innerhalb von<br>Mitgliedstaaten der Europ\u00e4ischen Union oder in anderen Vertragsstaaten<br>des Abkommens \u00fcber den Europ\u00e4ischen Wirtschaftsraum vor der \u00dcbermittlung<br>in die USA gek\u00fcrzt. Nur in Ausnahmef\u00e4llen wird die volle IP-Adresse an<br>einen Server von Google in den USA \u00fcbertragen und dort gek\u00fcrzt. Im<br>Auftrag des Betreibers dieser Website wird Google diese Informationen<br>benutzen, um Ihre Nutzung der Website auszuwerten, um Reports \u00fcber die<br>Websiteaktivit\u00e4ten zusammenzustellen und um weitere mit der<br>Websitenutzung und der Internetnutzung verbundene Dienstleistungen<br>gegen\u00fcber dem Websitebetreiber zu erbringen. Die im Rahmen von Google<br>Analytics von Ihrem Browser \u00fcbermittelte IP-Adresse wird nicht mit<br>anderen Daten von Google zusammengef\u00fchrt.<br>Browser Plugin<br>Sie k\u00f6nnen die Speicherung der Cookies durch eine entsprechende<br>Einstellung Ihrer Browser-Software verhindern; wir weisen Sie jedoch<br>darauf hin, dass Sie in diesem Fall gegebenenfalls nicht s\u00e4mtliche<br>Funktionen dieser Website vollumf\u00e4nglich werden nutzen k\u00f6nnen. Sie<br>k\u00f6nnen dar\u00fcber hinaus die Erfassung der durch den Cookie erzeugten und<br>auf Ihre Nutzung der Website bezogenen Daten (inkl. Ihrer IP-Adresse) an<br>Google sowie die Verarbeitung dieser Daten durch Google verhindern,<br>indem Sie das unter dem folgenden Link verf\u00fcgbare Browser-Plugin<br>herunterladen und installieren: https:\/\/tools.google.com\/dlpage\/gaoptout?hl=de.<br>Widerspruch gegen Datenerfassung<br>Sie k\u00f6nnen die Erfassung Ihrer Daten durch Google Analytics<br>verhindern, indem Sie auf folgenden Link klicken. Es wird ein<br>Opt-Out-Cookie gesetzt, der die Erfassung Ihrer Daten bei zuk\u00fcnftigen<br>Besuchen dieser Website verhindert: Google Analytics deaktivieren.<br>Mehr Informationen zum Umgang mit Nutzerdaten bei Google Analytics finden Sie in der Datenschutzerkl\u00e4rung von Google:<br>https:\/\/support.google.com\/analytics\/answer\/6004245?hl=de.<\/p>\n<p><b>Auftragsdatenverarbeitung<\/b><\/p>\n<p>Wir haben mit Google einen Vertrag zur Auftragsdatenverarbeitung<br>abgeschlossen und setzen die strengen Vorgaben der deutschen<br>Datenschutzbeh\u00f6rden bei der Nutzung von Google Analytics vollst\u00e4ndig um.<br>5. Newsletter<br>Newsletterdaten<\/p>\n<p>Wenn Sie den auf der Website angebotenen Newsletter beziehen m\u00f6chten,<br>ben\u00f6tigen wir von Ihnen eine E-Mail-Adresse sowie Informationen, welche<br>uns die \u00dcberpr\u00fcfung gestatten, dass Sie der Inhaber der angegebenen<br>E-Mail-Adresse sind und mit dem Empfang des Newsletters einverstanden<br>sind. Weitere Daten werden nicht bzw. nur auf freiwilliger Basis<br>erhoben. Diese Daten verwenden wir ausschlie\u00dflich f\u00fcr den Versand der<br>angeforderten Informationen und geben diese nicht an Dritte weiter.<br>Die Verarbeitung der in das Newsletteranmeldeformular eingegebenen<br>Daten erfolgt ausschlie\u00dflich auf Grundlage Ihrer Einwilligung (Art. 6<br>Abs. 1 lit. a DSGVO). Die erteilte Einwilligung zur Speicherung der<br>Daten, der E-Mail-Adresse sowie deren Nutzung zum Versand des<br>Newsletters k\u00f6nnen Sie jederzeit widerrufen, etwa \u00fcber den<br>\u201cAustragen\u201d-Link im Newsletter. Die Rechtm\u00e4\u00dfigkeit der bereits erfolgten<br>Datenverarbeitungsvorg\u00e4nge bleibt vom Widerruf unber\u00fchrt.<br>Die von Ihnen zum Zwecke des Newsletter-Bezugs bei uns hinterlegten<br>Daten werden von uns bis zu Ihrer Austragung aus dem Newsletter<br>gespeichert und nach der Abbestellung des Newsletters gel\u00f6scht. Daten,<br>die zu anderen Zwecken bei uns gespeichert wurden (z.B. E-Mail-Adressen<br>f\u00fcr den Mitgliederbereich) bleiben hiervon unber\u00fchrt.<\/p>\t\t\t\t\t\t\t\t<\/div>\n\t\t\t\t<\/div>\n\t\t\t\t\t<\/div>\n\t\t<\/div>\n\t\t\t\t\t<\/div>\n\t\t<\/section>\n\t\t\t\t<\/div>\n\t\t","protected":false},"excerpt":{"rendered":"<p>Datenschutzerkl\u00e4rung 1. Datenschutz auf einen Blick Allgemeine HinweiseDie folgenden Hinweise geben einen einfachen \u00dcberblick dar\u00fcber, wasmit Ihren personenbezogenen Daten passiert, wenn Sie unsere Websitebesuchen. Personenbezogene Daten sind alle Daten, mit denen Siepers\u00f6nlich identifiziert werden k\u00f6nnen. Ausf\u00fchrliche Informationen zumThema Datenschutz entnehmen Sie unserer unter diesem Text aufgef\u00fchrten&nbsp;Datenschutzerkl\u00e4rung. Datenerfassung auf unserer Website Wer ist verantwortlich f\u00fcr die &hellip; <\/p>\n<p class=\"link-more\"><a href=\"https:\/\/jodykorbach.de\/werk\/impressum\/\" class=\"more-link\"><span class=\"screen-reader-text\">\u201eIMPRESSUM\u201c<\/span> weiterlesen<\/a><\/p>\n","protected":false},"author":1,"featured_media":0,"parent":0,"menu_order":0,"comment_status":"closed","ping_status":"closed","template":"elementor_header_footer","meta":{"footnotes":""},"class_list":["post-87","page","type-page","status-publish","hentry"],"_links":{"self":[{"href":"https:\/\/jodykorbach.de\/werk\/wp-json\/wp\/v2\/pages\/87","targetHints":{"allow":["GET"]}}],"collection":[{"href":"https:\/\/jodykorbach.de\/werk\/wp-json\/wp\/v2\/pages"}],"about":[{"href":"https:\/\/jodykorbach.de\/werk\/wp-json\/wp\/v2\/types\/page"}],"author":[{"embeddable":true,"href":"https:\/\/jodykorbach.de\/werk\/wp-json\/wp\/v2\/users\/1"}],"replies":[{"embeddable":true,"href":"https:\/\/jodykorbach.de\/werk\/wp-json\/wp\/v2\/comments?post=87"}],"version-history":[{"count":13,"href":"https:\/\/jodykorbach.de\/werk\/wp-json\/wp\/v2\/pages\/87\/revisions"}],"predecessor-version":[{"id":1236,"href":"https:\/\/jodykorbach.de\/werk\/wp-json\/wp\/v2\/pages\/87\/revisions\/1236"}],"wp:attachment":[{"href":"https:\/\/jodykorbach.de\/werk\/wp-json\/wp\/v2\/media?parent=87"}],"curies":[{"name":"wp","href":"https:\/\/api.w.org\/{rel}","templated":true}]}}