{"id":213,"date":"2022-03-15T13:16:23","date_gmt":"2022-03-15T12:16:23","guid":{"rendered":"http:\/\/staging.jodykorbach.de\/wordpress\/?page_id=213"},"modified":"2022-11-18T21:27:19","modified_gmt":"2022-11-18T20:27:19","slug":"schuetzenkorps-europa","status":"publish","type":"page","link":"https:\/\/jodykorbach.de\/werk\/schuetzenkorps-europa\/","title":{"rendered":"SCH\u00dcTZENKORPS EUROPA"},"content":{"rendered":"\t\t<div data-elementor-type=\"wp-page\" data-elementor-id=\"213\" class=\"elementor elementor-213\" data-elementor-post-type=\"page\">\n\t\t\t\t\t\t<section class=\"elementor-section elementor-top-section elementor-element elementor-element-e9bf84e elementor-section-boxed elementor-section-height-default elementor-section-height-default\" data-id=\"e9bf84e\" data-element_type=\"section\" data-e-type=\"section\">\n\t\t\t\t\t\t<div class=\"elementor-container elementor-column-gap-default\">\n\t\t\t\t\t<div class=\"elementor-column elementor-col-100 elementor-top-column elementor-element elementor-element-9fc17bf\" data-id=\"9fc17bf\" data-element_type=\"column\" data-e-type=\"column\">\n\t\t\t<div class=\"elementor-widget-wrap elementor-element-populated\">\n\t\t\t\t\t\t<div class=\"elementor-element elementor-element-d0ad3a8 elementor-widget elementor-widget-image\" data-id=\"d0ad3a8\" data-element_type=\"widget\" data-e-type=\"widget\" data-widget_type=\"image.default\">\n\t\t\t\t<div class=\"elementor-widget-container\">\n\t\t\t\t\t\t\t\t\t\t\t\t\t\t\t<img decoding=\"async\" src=\"https:\/\/jodykorbach.de\/wp-content\/uploads\/elementor\/thumbs\/Logo_schuetzenkoprs_stierschwarz-05-05-rly4piji1vve3hr3bs744u0fdnz1z42vckjk516bza.png\" title=\"Logo_schuetzenkoprs_stierschwarz-05-05\" alt=\"Logo_schuetzenkoprs_stierschwarz-05-05\" loading=\"lazy\" \/>\t\t\t\t\t\t\t\t\t\t\t\t\t\t\t<\/div>\n\t\t\t\t<\/div>\n\t\t\t\t\t<\/div>\n\t\t<\/div>\n\t\t\t\t\t<\/div>\n\t\t<\/section>\n\t\t\t\t<section class=\"elementor-section elementor-top-section elementor-element elementor-element-1ae15a9 elementor-section-boxed elementor-section-height-default elementor-section-height-default\" data-id=\"1ae15a9\" data-element_type=\"section\" data-e-type=\"section\">\n\t\t\t\t\t\t<div class=\"elementor-container elementor-column-gap-default\">\n\t\t\t\t\t<div class=\"elementor-column elementor-col-50 elementor-top-column elementor-element elementor-element-9f24020\" data-id=\"9f24020\" data-element_type=\"column\" data-e-type=\"column\">\n\t\t\t<div class=\"elementor-widget-wrap elementor-element-populated\">\n\t\t\t\t\t\t<div class=\"elementor-element elementor-element-fc66ed2 elementor-widget elementor-widget-heading\" data-id=\"fc66ed2\" data-element_type=\"widget\" data-e-type=\"widget\" data-widget_type=\"heading.default\">\n\t\t\t\t<div class=\"elementor-widget-container\">\n\t\t\t\t\t<h1 class=\"elementor-heading-title elementor-size-default\">Die EU als Sch\u00fctzenverein. <br>Frieden, Freiheit, geile Werte Bumsfallera!<br><\/h1>\t\t\t\t<\/div>\n\t\t\t\t<\/div>\n\t\t\t\t<div class=\"elementor-element elementor-element-7ceb292 elementor-widget elementor-widget-text-editor\" data-id=\"7ceb292\" data-element_type=\"widget\" data-e-type=\"widget\" data-widget_type=\"text-editor.default\">\n\t\t\t\t<div class=\"elementor-widget-container\">\n\t\t\t\t\t\t\t\t\t<p class=\"brz-ff-playfair_display brz-ft-google brz-fw-lg-400 brz-fw-sm-im-400 brz-fw-xs-im-400 brz-lh-lg-1_7 brz-lh-sm-im-1_6 brz-lh-xs-im-1_6 brz-fs-lg-15 brz-fs-sm-im-14 brz-fs-xs-im-14\"><span class=\"brz-cp-color2\">Glaube, Sitte, Heimat. Konventionen. Br\u00fcssel, Belgien. Nicht Genf, nicht die Schweiz. Polen, Ungarn, Bulgarien \u2013 aber bitte keine Z****ner. Ukraine, Russland, Gas, \u00d6lpreise. Volltanken und zulaufen lassen. Sich v\u00f6llig wegsp\u00fclen. Angesp\u00fclt werden. Endlich ankommen in klaren Strukturen und wissen, dass schon Leute auf dich warten. <\/span><\/p><p class=\"brz-ff-playfair_display brz-ft-google brz-fw-lg-400 brz-fw-sm-im-400 brz-fw-xs-im-400 brz-lh-lg-1_7 brz-lh-sm-im-1_6 brz-lh-xs-im-1_6 brz-fs-lg-15 brz-fs-sm-im-14 brz-fs-xs-im-14\"><span class=\"brz-cp-color2\">Wir, das\u00a0Sch\u00fctzenkorps-Europa glauben an die W\u00fcrde des Lebens, an Gott, an die Politik und daran, dass der n\u00e4chste Morgen nicht so schlimm wird, wenn man nicht durcheinander trinkt. An die gute Sitte: zur Titte, zum Sack -zack, zack. Und Heimat. Wissen wo man hingeh\u00f6rt, wo man hingehen kann, wenn es einem schlecht geht. Heimat, wo man einig ist, wo Alltag ist, wo man\u00a0Mensch ist, wo man einkauft, wo man einen Job hat. Europa, Union, Zusammenhalt, Schengenr\u00e4ume, Abgr\u00fcnde, Abkotzen, Abfeiern, Solidarit\u00e4t und Trinkumlage. <\/span><\/p><p class=\"brz-ff-playfair_display brz-ft-google brz-fw-lg-400 brz-fw-sm-im-400 brz-fw-xs-im-400 brz-lh-lg-1_7 brz-lh-sm-im-1_6 brz-lh-xs-im-1_6 brz-fs-lg-15 brz-fs-sm-im-14 brz-fs-xs-im-14\"><span class=\"brz-cp-color2\">Uns schei\u00df egal, wo wir an der Theke steh\u2018n:\u00a0das Sch\u00fctzenkorps Europa l\u00e4dt jeden dazu ein, neue Regeln und Strukturen f\u00fcr Europa zu finden. Sich mit uns im Exzess zu verbr\u00fcdern und zu verschwestern, <\/span><\/p><p class=\"brz-tp-paragraph brz-ff-playfair_display brz-ft-google brz-fw-lg-400 brz-fw-sm-im-400 brz-fw-xs-im-400 brz-lh-lg-1_7 brz-lh-sm-im-1_6 brz-lh-xs-im-1_6 brz-fs-lg-15 brz-fs-sm-im-14 brz-fs-xs-im-14\"><span class=\"brz-cp-color2\">Also setzt an, zieht leer,<\/span><\/p><p class=\"brz-tp-paragraph brz-ff-playfair_display brz-ft-google brz-fw-lg-400 brz-fw-sm-im-400 brz-fw-xs-im-400 brz-lh-lg-1_7 brz-lh-sm-im-1_6 brz-lh-xs-im-1_6 brz-fs-lg-15 brz-fs-sm-im-14 brz-fs-xs-im-14\"><span class=\"brz-cp-color2\">Europa, Europa, gut Schuss!<\/span><\/p>\t\t\t\t\t\t\t\t<\/div>\n\t\t\t\t<\/div>\n\t\t\t\t\t<\/div>\n\t\t<\/div>\n\t\t\t\t<div class=\"elementor-column elementor-col-50 elementor-top-column elementor-element elementor-element-0686110\" data-id=\"0686110\" data-element_type=\"column\" data-e-type=\"column\">\n\t\t\t<div class=\"elementor-widget-wrap elementor-element-populated\">\n\t\t\t\t\t\t<div class=\"elementor-element elementor-element-128ec11 elementor-widget elementor-widget-image\" data-id=\"128ec11\" data-element_type=\"widget\" data-e-type=\"widget\" data-widget_type=\"image.default\">\n\t\t\t\t<div class=\"elementor-widget-container\">\n\t\t\t\t\t\t\t\t\t\t\t\t\t\t\t<img fetchpriority=\"high\" decoding=\"async\" width=\"525\" height=\"664\" src=\"https:\/\/jodykorbach.de\/wp-content\/uploads\/2022\/03\/Bruessel_small.jpeg\" class=\"attachment-large size-large wp-image-251\" alt=\"\" srcset=\"https:\/\/jodykorbach.de\/wp-content\/uploads\/2022\/03\/Bruessel_small.jpeg 593w, https:\/\/jodykorbach.de\/wp-content\/uploads\/2022\/03\/Bruessel_small-237x300.jpeg 237w\" sizes=\"100vw\" \/>\t\t\t\t\t\t\t\t\t\t\t\t\t\t\t<\/div>\n\t\t\t\t<\/div>\n\t\t\t\t\t<\/div>\n\t\t<\/div>\n\t\t\t\t\t<\/div>\n\t\t<\/section>\n\t\t\t\t<section class=\"elementor-section elementor-top-section elementor-element elementor-element-eb4a0fc elementor-section-boxed elementor-section-height-default elementor-section-height-default\" data-id=\"eb4a0fc\" data-element_type=\"section\" data-e-type=\"section\">\n\t\t\t\t\t\t<div class=\"elementor-container elementor-column-gap-default\">\n\t\t\t\t\t<div class=\"elementor-column elementor-col-100 elementor-top-column elementor-element elementor-element-f2757d7\" data-id=\"f2757d7\" data-element_type=\"column\" data-e-type=\"column\">\n\t\t\t<div class=\"elementor-widget-wrap elementor-element-populated\">\n\t\t\t\t\t\t\t<\/div>\n\t\t<\/div>\n\t\t\t\t\t<\/div>\n\t\t<\/section>\n\t\t\t\t<section class=\"elementor-section elementor-top-section elementor-element elementor-element-09f459b elementor-section-boxed elementor-section-height-default elementor-section-height-default\" data-id=\"09f459b\" data-element_type=\"section\" data-e-type=\"section\">\n\t\t\t\t\t\t<div class=\"elementor-container elementor-column-gap-default\">\n\t\t\t\t\t<div class=\"elementor-column elementor-col-33 elementor-top-column elementor-element elementor-element-07832a5\" data-id=\"07832a5\" data-element_type=\"column\" data-e-type=\"column\">\n\t\t\t<div class=\"elementor-widget-wrap elementor-element-populated\">\n\t\t\t\t\t\t<div class=\"elementor-element elementor-element-bc4c44b elementor-widget elementor-widget-heading\" data-id=\"bc4c44b\" data-element_type=\"widget\" data-e-type=\"widget\" data-widget_type=\"heading.default\">\n\t\t\t\t<div class=\"elementor-widget-container\">\n\t\t\t\t\t<h1 class=\"elementor-heading-title elementor-size-default\">Uns schei\u00dfegal, wo<br>\nwir an der Theke<br>steh'n<\/h1>\t\t\t\t<\/div>\n\t\t\t\t<\/div>\n\t\t\t\t<div class=\"elementor-element elementor-element-d50fdaa elementor-align-center elementor-widget elementor-widget-button\" data-id=\"d50fdaa\" data-element_type=\"widget\" data-e-type=\"widget\" data-widget_type=\"button.default\">\n\t\t\t\t<div class=\"elementor-widget-container\">\n\t\t\t\t\t\t\t\t\t<div class=\"elementor-button-wrapper\">\n\t\t\t\t\t<a class=\"elementor-button elementor-button-link elementor-size-sm\" href=\"http:\/\/www.schuetzenkorps.eu\">\n\t\t\t\t\t\t<span class=\"elementor-button-content-wrapper\">\n\t\t\t\t\t\t\t\t\t<span class=\"elementor-button-text\">www.schuetzenkorps.eu<\/span>\n\t\t\t\t\t<\/span>\n\t\t\t\t\t<\/a>\n\t\t\t\t<\/div>\n\t\t\t\t\t\t\t\t<\/div>\n\t\t\t\t<\/div>\n\t\t\t\t\t<\/div>\n\t\t<\/div>\n\t\t\t\t<div class=\"elementor-column elementor-col-66 elementor-top-column elementor-element elementor-element-87c1cf1\" data-id=\"87c1cf1\" data-element_type=\"column\" data-e-type=\"column\">\n\t\t\t<div class=\"elementor-widget-wrap elementor-element-populated\">\n\t\t\t\t\t\t<div class=\"elementor-element elementor-element-891aa08 elementor-widget elementor-widget-text-editor\" data-id=\"891aa08\" data-element_type=\"widget\" data-e-type=\"widget\" data-widget_type=\"text-editor.default\">\n\t\t\t\t<div class=\"elementor-widget-container\">\n\t\t\t\t\t\t\t\t\t<p class=\"brz-fs-sm-im-8 brz-fs-lg-14 brz-fw-xs-im-400 brz-fw-sm-im-400 brz-fw-lg-400 brz-ft-google brz-ff-playfair_display brz-ls-xs-im-0 brz-ls-sm-im-0 brz-ls-lg-0 brz-lh-xs-im-1_6 brz-lh-sm-im-1_6 brz-lh-lg-1_6 brz-fs-xs-15\">Das Sch\u00fctzenkorps Europa ist ein im August 2018 gegr\u00fcndeter Sch\u00fctzenverein f\u00fcr Europa, der sich zur Aufgabe macht, europ\u00e4ische Werte an den Stammtisch zu bringen und von dort aus zu verteidigen. Aber wieso und wozu?<\/p><p class=\"brz-fs-sm-im-8 brz-fs-lg-14 brz-fw-xs-im-400 brz-fw-sm-im-400 brz-fw-lg-400 brz-ft-google brz-ff-playfair_display brz-ls-xs-im-0 brz-ls-sm-im-0 brz-ls-lg-0 brz-lh-xs-im-1_6 brz-lh-sm-im-1_6 brz-lh-lg-1_6 brz-fs-xs-15\">Die Europ\u00e4ische Union ist eine kaum greifbare, aber omnipr\u00e4sente Institution die unser Leben bestimmt. Die EU pr\u00e4sentiert sich als Zukunftsversprechen, doch gleichzeitig gibt es keine klar formulierte Idee, wie diese Zukunft aussehen k\u00f6nnte. Ihre Chance, die Vielfalt der Mitglieder, ist gleichzeitig ihr gr\u00f6\u00dftes Problem. Worauf k\u00f6nnen wir uns einigen? Was f\u00fcr eine Zukunft wollen wir? Frieden? Wohlstand? F\u00fcr wen? Die EU als Gegenentwurf zum Nationalismus? Die EU eine gescheiterte Idee, aber immer noch besser als Deutschland?<\/p><p class=\"brz-fs-sm-im-8 brz-fs-lg-14 brz-fw-xs-im-400 brz-fw-sm-im-400 brz-fw-lg-400 brz-ft-google brz-ff-playfair_display brz-ls-xs-im-0 brz-ls-sm-im-0 brz-ls-lg-0 brz-lh-xs-im-1_6 brz-lh-sm-im-1_6 brz-lh-lg-1_6 brz-fs-xs-15\">Das Sch\u00fctzenwesen hingegen bietet klare Strukturen. Das Sch\u00fctzenwesen bietet unz\u00e4hligen Mitgliedern ein zu Hause. Im Sch\u00fctzenwesen wird die Gemeinschaft gefeiert und alle k\u00f6nnen sich auf einen gemeinsamen Nenner einigen: Sch\u00f6ne Geschichten von Fr\u00fcher und kontrollierter Exzess. Aber kann im Sch\u00fctzenwesen auch Vielfalt herrschen? Gibt es eine Zukunftsvision, wenn mit Traditionen und Brauchtum vor allem die Vergangenheit zelebriert wird? Das Sch\u00fctzenkorps Europa begegnet beiden Institutionen zun\u00e4chst mit naiver Faszination. Eine internationale Wertegemeinschaft scheint eine sch\u00f6ne Idee, die es zu verfolgen gilt! Sich zu kost\u00fcmieren und einander in einer Gemeinschaft Halt zu geben klingt nach Spa\u00df und Geborgenheit. Wie k\u00f6nnen wir das Beste aus beidem zusammen bringen?<\/p><p class=\"brz-fs-sm-im-8 brz-fs-lg-14 brz-fw-xs-im-400 brz-fw-sm-im-400 brz-fw-lg-400 brz-ft-google brz-ff-playfair_display brz-ls-xs-im-0 brz-ls-sm-im-0 brz-ls-lg-0 brz-lh-xs-im-1_6 brz-lh-sm-im-1_6 brz-lh-lg-1_6 brz-fs-xs-15\">Schaffen wir es die Problematik beider Institutionen zu beleuchten, ohne handlungsunf\u00e4hig zu werden? Kann die EU jemals ein \u00e4hnliches Gef\u00fchl von Zusammenhalt bieten, wie es das Sch\u00fctzenwesen tut? M\u00fcssen Vergangenheit und Zukunft immer gegeneinander ausgespielt werden?<\/p><p class=\"brz-fs-sm-im-8 brz-fs-lg-14 brz-fw-xs-im-400 brz-fw-sm-im-400 brz-fw-lg-400 brz-ft-google brz-ff-playfair_display brz-ls-xs-im-0 brz-ls-sm-im-0 brz-ls-lg-0 brz-lh-xs-im-1_6 brz-lh-sm-im-1_6 brz-lh-lg-1_6 brz-fs-xs-15\">Wenn \u201ejedes Jahr 3 Tage lang nur Sch\u00fctzenfest feiern!\u201c mehr Energie freisetzt, als die Idee von einem vereintem Europa, schlagen wir vor, wir setzen dort an.<\/p>\t\t\t\t\t\t\t\t<\/div>\n\t\t\t\t<\/div>\n\t\t\t\t\t<\/div>\n\t\t<\/div>\n\t\t\t\t\t<\/div>\n\t\t<\/section>\n\t\t\t\t<\/div>\n\t\t","protected":false},"excerpt":{"rendered":"<p>Die EU als Sch\u00fctzenverein. Frieden, Freiheit, geile Werte Bumsfallera! Glaube, Sitte, Heimat. Konventionen. Br\u00fcssel, Belgien. Nicht Genf, nicht die Schweiz. Polen, Ungarn, Bulgarien \u2013 aber bitte keine Z****ner. Ukraine, Russland, Gas, \u00d6lpreise. Volltanken und zulaufen lassen. Sich v\u00f6llig wegsp\u00fclen. Angesp\u00fclt werden. Endlich ankommen in klaren Strukturen und wissen, dass schon Leute auf dich warten. Wir, &hellip; <\/p>\n<p class=\"link-more\"><a href=\"https:\/\/jodykorbach.de\/werk\/schuetzenkorps-europa\/\" class=\"more-link\"><span class=\"screen-reader-text\">\u201eSCH\u00dcTZENKORPS EUROPA\u201c<\/span> weiterlesen<\/a><\/p>\n","protected":false},"author":1,"featured_media":0,"parent":0,"menu_order":0,"comment_status":"closed","ping_status":"closed","template":"elementor_header_footer","meta":{"footnotes":""},"class_list":["post-213","page","type-page","status-publish","hentry"],"_links":{"self":[{"href":"https:\/\/jodykorbach.de\/werk\/wp-json\/wp\/v2\/pages\/213","targetHints":{"allow":["GET"]}}],"collection":[{"href":"https:\/\/jodykorbach.de\/werk\/wp-json\/wp\/v2\/pages"}],"about":[{"href":"https:\/\/jodykorbach.de\/werk\/wp-json\/wp\/v2\/types\/page"}],"author":[{"embeddable":true,"href":"https:\/\/jodykorbach.de\/werk\/wp-json\/wp\/v2\/users\/1"}],"replies":[{"embeddable":true,"href":"https:\/\/jodykorbach.de\/werk\/wp-json\/wp\/v2\/comments?post=213"}],"version-history":[{"count":20,"href":"https:\/\/jodykorbach.de\/werk\/wp-json\/wp\/v2\/pages\/213\/revisions"}],"predecessor-version":[{"id":891,"href":"https:\/\/jodykorbach.de\/werk\/wp-json\/wp\/v2\/pages\/213\/revisions\/891"}],"wp:attachment":[{"href":"https:\/\/jodykorbach.de\/werk\/wp-json\/wp\/v2\/media?parent=213"}],"curies":[{"name":"wp","href":"https:\/\/api.w.org\/{rel}","templated":true}]}}