{"id":1686,"date":"2026-04-14T10:24:49","date_gmt":"2026-04-14T08:24:49","guid":{"rendered":"https:\/\/jodykorbach.de\/werk\/?page_id=1686"},"modified":"2026-04-14T10:25:42","modified_gmt":"2026-04-14T08:25:42","slug":"newsletter","status":"publish","type":"page","link":"https:\/\/jodykorbach.de\/werk\/newsletter\/","title":{"rendered":"NEWSLETTER"},"content":{"rendered":"\t\t<div data-elementor-type=\"wp-page\" data-elementor-id=\"1686\" class=\"elementor elementor-1686\" data-elementor-post-type=\"page\">\n\t\t\t\t\t\t<section class=\"elementor-section elementor-top-section elementor-element elementor-element-e9bf84e elementor-section-boxed elementor-section-height-default elementor-section-height-default\" data-id=\"e9bf84e\" data-element_type=\"section\" data-e-type=\"section\">\n\t\t\t\t\t\t<div class=\"elementor-container elementor-column-gap-default\">\n\t\t\t\t\t<div class=\"elementor-column elementor-col-50 elementor-top-column elementor-element elementor-element-894b1d7\" data-id=\"894b1d7\" data-element_type=\"column\" data-e-type=\"column\">\n\t\t\t<div class=\"elementor-widget-wrap elementor-element-populated\">\n\t\t\t\t\t\t<div class=\"elementor-element elementor-element-43725f1 elementor-widget elementor-widget-text-editor\" data-id=\"43725f1\" data-element_type=\"widget\" data-e-type=\"widget\" data-widget_type=\"text-editor.default\">\n\t\t\t\t<div class=\"elementor-widget-container\">\n\t\t\t\t\t\t\t\t\t<p class=\"p1\"><span class=\"s1\">Wenn Du\/Sie\/Er\/Sie\/They\/Them Neuigkeiten zu meiner Arbeit und kommenden Projekten sowie Ausstellungen erhalten m\u00f6chten, melden Sie sich gerne f\u00fcr meinen Newsletter an. Ungef\u00e4hr einmal im Monat, maximal alle zwei Wochen wenn es busy ist, bekommen Sie eine Mail von mir.<\/span><\/p><p class=\"p1\"><span class=\"s1\">Stets bem\u00fcht mit freundlichen Gr\u00fc\u00dfen<\/span><\/p><p class=\"p1\"><span class=\"s1\">Ihre Jody Korbach<\/span><\/p>\t\t\t\t\t\t\t\t<\/div>\n\t\t\t\t<\/div>\n\t\t\t\t\t<\/div>\n\t\t<\/div>\n\t\t\t\t<div class=\"elementor-column elementor-col-50 elementor-top-column elementor-element elementor-element-9fc17bf\" data-id=\"9fc17bf\" data-element_type=\"column\" data-e-type=\"column\">\n\t\t\t<div class=\"elementor-widget-wrap elementor-element-populated\">\n\t\t\t\t\t\t<div class=\"elementor-element elementor-element-150e63d elementor-widget elementor-widget-shortcode\" data-id=\"150e63d\" data-element_type=\"widget\" data-e-type=\"widget\" data-widget_type=\"shortcode.default\">\n\t\t\t\t<div class=\"elementor-widget-container\">\n\t\t\t\t\t\t\t<div class=\"elementor-shortcode\"><script>(function() {\n\twindow.mc4wp = window.mc4wp || {\n\t\tlisteners: [],\n\t\tforms: {\n\t\t\ton: function(evt, cb) {\n\t\t\t\twindow.mc4wp.listeners.push(\n\t\t\t\t\t{\n\t\t\t\t\t\tevent   : evt,\n\t\t\t\t\t\tcallback: cb\n\t\t\t\t\t}\n\t\t\t\t);\n\t\t\t}\n\t\t}\n\t}\n})();\n<\/script><!-- Mailchimp for WordPress v4.12.1 - https:\/\/wordpress.org\/plugins\/mailchimp-for-wp\/ --><form id=\"mc4wp-form-1\" class=\"mc4wp-form mc4wp-form-1725\" method=\"post\" data-id=\"1725\" data-name=\"Newsletteranmeldung\" ><div class=\"mc4wp-form-fields\">    <label>Vorname:<\/label>\r\n    <input type=\"text\" name=\"FNAME\" placeholder=\"Vorname\" autocomplete=\"given-name\"\r\n    required=\"\">\r\n<\/p>\r\n<p>\r\n    <label>Nachname:<\/label>\r\n    <input type=\"text\" name=\"LNAME\" placeholder=\"Nachname\" autocomplete=\"family-name\"\r\n    required=\"\">\r\n<\/p>\r\n\r\n<p>\r\n\t<label for=\"email\">E-Mail-Adresse: \r\n\t\t<input type=\"email\" id=\"email\" name=\"EMAIL\" placeholder=\"E-Mail-Adresse\" autocomplete=\"email\" required>\r\n\t<\/label>\r\n<\/p>\r\n\r\n<p>\r\n\t<input type=\"submit\" value=\"Abonnieren\">\r\n<\/p><\/div><label style=\"display: none !important;\">Wenn du ein Mensch bist, lasse das Feld leer: <input type=\"text\" name=\"_mc4wp_honeypot\" value=\"\" tabindex=\"-1\" autocomplete=\"off\" \/><\/label><input type=\"hidden\" name=\"_mc4wp_timestamp\" value=\"1776209812\" \/><input type=\"hidden\" name=\"_mc4wp_form_id\" value=\"1725\" \/><input type=\"hidden\" name=\"_mc4wp_form_element_id\" value=\"mc4wp-form-1\" \/><div class=\"mc4wp-response\"><\/div><\/form><!-- \/ Mailchimp for WordPress Plugin --><\/div>\n\t\t\t\t\t\t<\/div>\n\t\t\t\t<\/div>\n\t\t\t\t\t<\/div>\n\t\t<\/div>\n\t\t\t\t\t<\/div>\n\t\t<\/section>\n\t\t\t\t<\/div>\n\t\t","protected":false},"excerpt":{"rendered":"<p>Wenn Du\/Sie\/Er\/Sie\/They\/Them Neuigkeiten zu meiner Arbeit und kommenden Projekten sowie Ausstellungen erhalten m\u00f6chten, melden Sie sich gerne f\u00fcr meinen Newsletter an. Ungef\u00e4hr einmal im Monat, maximal alle zwei Wochen wenn es busy ist, bekommen Sie eine Mail von mir. Stets bem\u00fcht mit freundlichen Gr\u00fc\u00dfen Ihre Jody Korbach<\/p>\n","protected":false},"author":1,"featured_media":0,"parent":0,"menu_order":0,"comment_status":"closed","ping_status":"closed","template":"elementor_header_footer","meta":{"footnotes":""},"class_list":["post-1686","page","type-page","status-publish","hentry"],"_links":{"self":[{"href":"https:\/\/jodykorbach.de\/werk\/wp-json\/wp\/v2\/pages\/1686","targetHints":{"allow":["GET"]}}],"collection":[{"href":"https:\/\/jodykorbach.de\/werk\/wp-json\/wp\/v2\/pages"}],"about":[{"href":"https:\/\/jodykorbach.de\/werk\/wp-json\/wp\/v2\/types\/page"}],"author":[{"embeddable":true,"href":"https:\/\/jodykorbach.de\/werk\/wp-json\/wp\/v2\/users\/1"}],"replies":[{"embeddable":true,"href":"https:\/\/jodykorbach.de\/werk\/wp-json\/wp\/v2\/comments?post=1686"}],"version-history":[{"count":4,"href":"https:\/\/jodykorbach.de\/werk\/wp-json\/wp\/v2\/pages\/1686\/revisions"}],"predecessor-version":[{"id":1733,"href":"https:\/\/jodykorbach.de\/werk\/wp-json\/wp\/v2\/pages\/1686\/revisions\/1733"}],"wp:attachment":[{"href":"https:\/\/jodykorbach.de\/werk\/wp-json\/wp\/v2\/media?parent=1686"}],"curies":[{"name":"wp","href":"https:\/\/api.w.org\/{rel}","templated":true}]}}